{"id":3669,"date":"2015-02-10T17:19:19","date_gmt":"2015-02-10T16:19:19","guid":{"rendered":"http:\/\/autengruber-zt.at\/?page_id=3669"},"modified":"2023-10-30T10:12:57","modified_gmt":"2023-10-30T09:12:57","slug":"home-2","status":"publish","type":"page","link":"http:\/\/autengruber-zt.at\/","title":{"rendered":"Startseite"},"content":{"rendered":"<div class=\"l-submain\"><div class=\"l-submain-h g-html i-cf\">\n<div style=\"height:56px\" aria-hidden=\"true\" class=\"wp-block-spacer\"><\/div>\n\n\n<div class=\"wp-block-image\">\n<figure class=\"aligncenter\"><img decoding=\"async\" loading=\"lazy\" width=\"1024\" height=\"271\" src=\"http:\/\/autengruber-zt.at\/wp-content\/uploads\/2019\/06\/Logo-Autengruber-ZT-mit-Text_klein-1024x271.png\" alt=\"\" class=\"wp-image-3854\" srcset=\"http:\/\/autengruber-zt.at\/wp-content\/uploads\/2019\/06\/Logo-Autengruber-ZT-mit-Text_klein.png 1024w, http:\/\/autengruber-zt.at\/wp-content\/uploads\/2019\/06\/Logo-Autengruber-ZT-mit-Text_klein-300x79.png 300w, http:\/\/autengruber-zt.at\/wp-content\/uploads\/2019\/06\/Logo-Autengruber-ZT-mit-Text_klein-768x203.png 768w, http:\/\/autengruber-zt.at\/wp-content\/uploads\/2019\/06\/Logo-Autengruber-ZT-mit-Text_klein-600x159.png 600w, http:\/\/autengruber-zt.at\/wp-content\/uploads\/2019\/06\/Logo-Autengruber-ZT-mit-Text_klein-150x40.png 150w\" sizes=\"(max-width: 1024px) 100vw, 1024px\" \/><\/figure><\/div>\n\n\n<div style=\"height:80px\" aria-hidden=\"true\" class=\"wp-block-spacer\"><\/div>\n\n\n\n<p class=\"has-text-color\" style=\"color:#666666\">Sehr geehrte Besucher, <\/p>\n\n\n\n<p class=\"has-text-color\" style=\"color:#666666\">unser Internetauftritt wird auf den neusten Stand gebracht.<br>Wir bitten um Ihr Verst\u00e4ndnis und freuen uns auf Ihren Besuch zu einem sp\u00e4teren Zeitpunkt.<\/p>\n\n\n\n<p><\/p>\n\n\n\n<p class=\"has-text-color\" style=\"color:#6ab0ab\">Sie erreichen uns unter:  <\/p>\n\n\n\n<p class=\"has-text-color\" style=\"color:#666666\">Innstra\u00dfe 65b, 6020 Innsbruck<br>Telefon: 0512\/567302<\/p>\n\n\n\n<p class=\"has-text-color\" style=\"color:#6ab0ab\"><a href=\"mailto:office@autengruber-zt.at\">office@autengruber-zt.at <\/a> <\/p>\n\n\n\n<figure class=\"wp-block-image size-full is-resized\"><img decoding=\"async\" loading=\"lazy\" width=\"709\" height=\"384\" src=\"http:\/\/autengruber-zt.at\/wp-content\/uploads\/2019\/09\/zt_Logo_120x65mm_CMYK_SW.jpg\" alt=\"\" class=\"wp-image-3922\" style=\"aspect-ratio:1.8463541666666667;width:104px;height:auto\" srcset=\"http:\/\/autengruber-zt.at\/wp-content\/uploads\/2019\/09\/zt_Logo_120x65mm_CMYK_SW.jpg 709w, http:\/\/autengruber-zt.at\/wp-content\/uploads\/2019\/09\/zt_Logo_120x65mm_CMYK_SW-300x162.jpg 300w, http:\/\/autengruber-zt.at\/wp-content\/uploads\/2019\/09\/zt_Logo_120x65mm_CMYK_SW-600x325.jpg 600w, http:\/\/autengruber-zt.at\/wp-content\/uploads\/2019\/09\/zt_Logo_120x65mm_CMYK_SW-150x81.jpg 150w\" sizes=\"(max-width: 709px) 100vw, 709px\" \/><\/figure>\n\n\n\n<p class=\"has-text-color\" style=\"color:#666666\"><em>Mitglied der Kammer der Architekten und Ingenieurkonsulenten f\u00fcr Tirol und Vorarlberg<\/em><\/p>\n\n\n\n<p><\/p>\n<\/div><\/div>","protected":false},"excerpt":{"rendered":"<p>Sehr geehrte Besucher, unser Internetauftritt wird auf den neusten Stand gebracht.Wir bitten um Ihr Verst\u00e4ndnis und freuen uns auf Ihren Besuch zu einem sp\u00e4teren Zeitpunkt. Sie erreichen uns unter: Innstra\u00dfe 65b, 6020 InnsbruckTelefon: 0512\/567302 office@autengruber-zt.at Mitglied der Kammer der Architekten&#8230;<\/p>\n","protected":false},"author":1,"featured_media":0,"parent":0,"menu_order":0,"comment_status":"closed","ping_status":"closed","template":"","meta":{"footnotes":""},"_links":{"self":[{"href":"http:\/\/autengruber-zt.at\/index.php?rest_route=\/wp\/v2\/pages\/3669"}],"collection":[{"href":"http:\/\/autengruber-zt.at\/index.php?rest_route=\/wp\/v2\/pages"}],"about":[{"href":"http:\/\/autengruber-zt.at\/index.php?rest_route=\/wp\/v2\/types\/page"}],"author":[{"embeddable":true,"href":"http:\/\/autengruber-zt.at\/index.php?rest_route=\/wp\/v2\/users\/1"}],"replies":[{"embeddable":true,"href":"http:\/\/autengruber-zt.at\/index.php?rest_route=%2Fwp%2Fv2%2Fcomments&post=3669"}],"version-history":[{"count":13,"href":"http:\/\/autengruber-zt.at\/index.php?rest_route=\/wp\/v2\/pages\/3669\/revisions"}],"predecessor-version":[{"id":4000,"href":"http:\/\/autengruber-zt.at\/index.php?rest_route=\/wp\/v2\/pages\/3669\/revisions\/4000"}],"wp:attachment":[{"href":"http:\/\/autengruber-zt.at\/index.php?rest_route=%2Fwp%2Fv2%2Fmedia&parent=3669"}],"curies":[{"name":"wp","href":"https:\/\/api.w.org\/{rel}","templated":true}]}}